{"id":42,"date":"2018-11-01T20:14:26","date_gmt":"2018-11-01T20:14:26","guid":{"rendered":"http:\/\/wakotools.bivius.org\/?page_id=42"},"modified":"2018-11-01T20:14:26","modified_gmt":"2018-11-01T20:14:26","slug":"rodo","status":"publish","type":"page","link":"https:\/\/wako-tools.pl\/eng\/rodo\/","title":{"rendered":"RODO"},"content":{"rendered":"<p>Klauzula informacyjna zgodna z RODO \u2013 WAKO TOOLS Waszczuk Sp.J<\/p>\n<p>Informuj\u0119, \u017ce:<\/p>\n<ol>\n<li>administratorem Pani\/Pana danych osobowych jest WAKO TOOLS Waszczuk Sp. J z siedzib\u0105 w Konstancinie-Jeziornej przy ul. Grodzkiej 21, zwany dalej Administratorem; Administrator prowadzi operacje przetwarzania Pani\/Pana danych osobowych,<\/li>\n<li>Pani\/Pana dane osobowe przetwarzane b\u0119d\u0105 w celu celach marketingu sprzedawanych produkt\u00f3w lub us\u0142ug oraz realizacji zam\u00f3wie\u0144 i nie b\u0119d\u0105 udost\u0119pniane innym odbiorcom,<\/li>\n<li>podanie danych jest niezb\u0119dne do zawarcia umowy, w przypadku niepodania danych niemo\u017cliwe jest zawarcie umowy,<\/li>\n<li>posiada Pani\/Pan prawo do:\n<ul>\n<li>\u017c\u0105dania od Administratora dost\u0119pu do swoich danych osobowych, ich sprostowania, usuni\u0119cia lub ograniczenia przetwarzania danych osobowych,<\/li>\n<li>wniesienia sprzeciwu wobec takiego przetwarzania,<\/li>\n<li>przenoszenia danych,<\/li>\n<li>wniesienia skargi do organu nadzorczego,<\/li>\n<li>cofni\u0119cia zgody na przetwarzanie danych osobowych.<\/li>\n<\/ul>\n<\/li>\n<li>Pani\/Pana dane osobowe nie podlegaj\u0105 zautomatyzowanemu podejmowaniu decyzji, w tym profilowaniu,<\/li>\n<li>Pani\/Pana dane osobowe b\u0119d\u0105 przechowywane przez okres 7 lat, licz\u0105c od pocz\u0105tku roku nast\u0119puj\u0105cego po roku, w kt\u00f3rym zosta\u0142a wyra\u017cona zgoda na przetwarzanie danych osobowych.<\/li>\n<\/ol>\n<p>Powy\u017csza klauzula ma charakter informacyjny, w zwi\u0105zku z tym nie ma konieczno\u015bci kontaktu ww. zakresie, poniewa\u017c WAKO TOOLS Waszczuk Sp.J nie wymaga sk\u0142adania \u017cadnych o\u015bwiadcze\u0144 w zwi\u0105zku ze zmian\u0105 przepis\u00f3w. Wystarczy zapozna\u0107 si\u0119 z powy\u017cszymi informacjami.<\/p>\n","protected":false},"excerpt":{"rendered":"<p>Klauzula informacyjna zgodna z RODO \u2013 WAKO TOOLS Waszczuk Sp.J Informuj\u0119, \u017ce: administratorem Pani\/Pana danych osobowych jest WAKO TOOLS Waszczuk Sp. J z siedzib\u0105 w Konstancinie-Jeziornej przy ul. Grodzkiej 21, zwany dalej Administratorem; Administrator prowadzi operacje przetwarzania Pani\/Pana danych osobowych, Pani\/Pana dane osobowe przetwarzane b\u0119d\u0105 w celu celach marketingu sprzedawanych produkt\u00f3w lub us\u0142ug oraz realizacji &hellip; <a href=\"https:\/\/wako-tools.pl\/eng\/rodo\/\" class=\"more-link\">Continue reading<span class=\"screen-reader-text\"> &#8222;RODO&#8221;<\/span><\/a><\/p>\n","protected":false},"author":1,"featured_media":0,"parent":0,"menu_order":0,"comment_status":"closed","ping_status":"closed","template":"","meta":{"footnotes":""},"class_list":["post-42","page","type-page","status-publish","hentry"],"_links":{"self":[{"href":"https:\/\/wako-tools.pl\/eng\/wp-json\/wp\/v2\/pages\/42","targetHints":{"allow":["GET"]}}],"collection":[{"href":"https:\/\/wako-tools.pl\/eng\/wp-json\/wp\/v2\/pages"}],"about":[{"href":"https:\/\/wako-tools.pl\/eng\/wp-json\/wp\/v2\/types\/page"}],"author":[{"embeddable":true,"href":"https:\/\/wako-tools.pl\/eng\/wp-json\/wp\/v2\/users\/1"}],"replies":[{"embeddable":true,"href":"https:\/\/wako-tools.pl\/eng\/wp-json\/wp\/v2\/comments?post=42"}],"version-history":[{"count":0,"href":"https:\/\/wako-tools.pl\/eng\/wp-json\/wp\/v2\/pages\/42\/revisions"}],"wp:attachment":[{"href":"https:\/\/wako-tools.pl\/eng\/wp-json\/wp\/v2\/media?parent=42"}],"curies":[{"name":"wp","href":"https:\/\/api.w.org\/{rel}","templated":true}]}}